{"id":9,"date":"2024-08-05T04:22:01","date_gmt":"2024-08-05T04:22:01","guid":{"rendered":"https:\/\/www.envirotronconverter.com\/?page_id=9"},"modified":"2024-08-09T23:48:49","modified_gmt":"2024-08-09T23:48:49","slug":"inicio","status":"publish","type":"page","link":"https:\/\/www.envirotronconverter.com\/en\/","title":{"rendered":"Start"},"content":{"rendered":"<p>Discover the innovation that is revolutionizing the fuel industry, <strong>Envirotron Converter<\/strong>. Our product not only improves the performance of your vehicle, but also contributes to caring for the environment. Developed with advanced technology, this booster optimizes combustion, reduces polluting emissions and prolongs the life of your engine.<\/p>\n\n\n\n<p>In a world where sustainability is key, our enhancer becomes the ideal choice for those seeking efficiency without compromising the planet. Join the clean air revolution and experience the future of automotive energy with us.<\/p>","protected":false},"excerpt":{"rendered":"<p>Descubre la innovaci\u00f3n que est\u00e1 revolucionando la industria del combustible , Convertidor Envirotron. Nuestro producto no solo mejora el rendimiento de tu veh\u00edculo, sino que tambi\u00e9n contribuye al cuidado del medio ambiente. Desarrollado con tecnolog\u00eda avanzada, este potenciador optimiza la combusti\u00f3n, reduce las emisiones contaminantes y prolonga la vida \u00fatil de tu motor. En un &hellip; <\/p>\n<p class=\"link-more\"><a href=\"https:\/\/www.envirotronconverter.com\/en\/\" class=\"more-link\">Continue reading<span class=\"screen-reader-text\"> &#8220;Inicio&#8221;<\/span><\/a><\/p>","protected":false},"author":1,"featured_media":0,"parent":0,"menu_order":0,"comment_status":"closed","ping_status":"closed","template":"","meta":{"footnotes":""},"class_list":["post-9","page","type-page","status-publish","hentry"],"_links":{"self":[{"href":"https:\/\/www.envirotronconverter.com\/en\/wp-json\/wp\/v2\/pages\/9","targetHints":{"allow":["GET"]}}],"collection":[{"href":"https:\/\/www.envirotronconverter.com\/en\/wp-json\/wp\/v2\/pages"}],"about":[{"href":"https:\/\/www.envirotronconverter.com\/en\/wp-json\/wp\/v2\/types\/page"}],"author":[{"embeddable":true,"href":"https:\/\/www.envirotronconverter.com\/en\/wp-json\/wp\/v2\/users\/1"}],"replies":[{"embeddable":true,"href":"https:\/\/www.envirotronconverter.com\/en\/wp-json\/wp\/v2\/comments?post=9"}],"version-history":[{"count":7,"href":"https:\/\/www.envirotronconverter.com\/en\/wp-json\/wp\/v2\/pages\/9\/revisions"}],"predecessor-version":[{"id":142,"href":"https:\/\/www.envirotronconverter.com\/en\/wp-json\/wp\/v2\/pages\/9\/revisions\/142"}],"wp:attachment":[{"href":"https:\/\/www.envirotronconverter.com\/en\/wp-json\/wp\/v2\/media?parent=9"}],"curies":[{"name":"wp","href":"https:\/\/api.w.org\/{rel}","templated":true}]}}