{"id":10,"date":"2024-08-05T04:22:01","date_gmt":"2024-08-05T04:22:01","guid":{"rendered":"https:\/\/www.envirotronconverter.com\/?page_id=10"},"modified":"2024-08-05T05:21:13","modified_gmt":"2024-08-05T05:21:13","slug":"acerca-de","status":"publish","type":"page","link":"https:\/\/www.envirotronconverter.com\/en\/acerca-de\/","title":{"rendered":"About"},"content":{"rendered":"<p><strong>Mission<\/strong><\/p>\n\n\n\n<p>Our mission is to lead the transition towards cleaner and more efficient transportation, developing and providing innovative solutions that optimize fuel performance and reduce polluting emissions. We are committed to offering high quality products that not only benefit our customers, but also the environment, actively contributing to the creation of a more sustainable future.<\/p>\n\n\n\n<h3 class=\"wp-block-heading\"><strong>Vision<\/strong><\/h3>\n\n\n\n<p>Be recognized as global pioneers in the innovation of clean fuel technologies, setting new standards in the automotive industry. We aspire to a world where energy efficiency and sustainability are the norm, and where our solutions drive positive change in the way humanity uses natural resources.<\/p>\n\n\n\n<h3 class=\"wp-block-heading\"><strong>Values<\/strong><\/h3>\n\n\n\n<p><strong>Social responsability<\/strong>: We believe in the power of business to create a positive impact on society and are committed to being a force for the common good.<\/p>\n\n\n\n<p><strong>Innovation<\/strong>: We encourage creativity and the constant search for new solutions that improve performance and reduce environmental impact.<\/p>\n\n\n\n<p><strong>Sustainability<\/strong>: We are committed to practices that promote environmental conservation and the responsible use of resources.<\/p>\n\n\n\n<p><strong>Quality<\/strong>: We strive to offer products that meet the highest standards of quality, safety and effectiveness.<\/p>\n\n\n\n<p><strong>Integrity<\/strong>: We act with ethics and transparency in all our operations, maintaining a relationship of trust with our clients, partners and employees.<\/p>","protected":false},"excerpt":{"rendered":"<p>Misi\u00f3n Nuestra misi\u00f3n es liderar la transici\u00f3n hacia un transporte m\u00e1s limpio y eficiente, desarrollando y proporcionando soluciones innovadoras que optimicen el rendimiento del combustible y reduzcan las emisiones contaminantes. Nos comprometemos a ofrecer productos de alta calidad que no solo beneficien a nuestros clientes, sino tambi\u00e9n al medio ambiente, contribuyendo activamente a la creaci\u00f3n &hellip; <\/p>\n<p class=\"link-more\"><a href=\"https:\/\/www.envirotronconverter.com\/en\/acerca-de\/\" class=\"more-link\">Continue reading<span class=\"screen-reader-text\"> &#8220;Acerca de&#8221;<\/span><\/a><\/p>","protected":false},"author":1,"featured_media":49,"parent":0,"menu_order":0,"comment_status":"closed","ping_status":"closed","template":"","meta":{"footnotes":""},"class_list":["post-10","page","type-page","status-publish","has-post-thumbnail","hentry"],"_links":{"self":[{"href":"https:\/\/www.envirotronconverter.com\/en\/wp-json\/wp\/v2\/pages\/10","targetHints":{"allow":["GET"]}}],"collection":[{"href":"https:\/\/www.envirotronconverter.com\/en\/wp-json\/wp\/v2\/pages"}],"about":[{"href":"https:\/\/www.envirotronconverter.com\/en\/wp-json\/wp\/v2\/types\/page"}],"author":[{"embeddable":true,"href":"https:\/\/www.envirotronconverter.com\/en\/wp-json\/wp\/v2\/users\/1"}],"replies":[{"embeddable":true,"href":"https:\/\/www.envirotronconverter.com\/en\/wp-json\/wp\/v2\/comments?post=10"}],"version-history":[{"count":2,"href":"https:\/\/www.envirotronconverter.com\/en\/wp-json\/wp\/v2\/pages\/10\/revisions"}],"predecessor-version":[{"id":40,"href":"https:\/\/www.envirotronconverter.com\/en\/wp-json\/wp\/v2\/pages\/10\/revisions\/40"}],"wp:featuredmedia":[{"embeddable":true,"href":"https:\/\/www.envirotronconverter.com\/en\/wp-json\/wp\/v2\/media\/49"}],"wp:attachment":[{"href":"https:\/\/www.envirotronconverter.com\/en\/wp-json\/wp\/v2\/media?parent=10"}],"curies":[{"name":"wp","href":"https:\/\/api.w.org\/{rel}","templated":true}]}}